{"id":644,"date":"2017-01-02T08:29:18","date_gmt":"2017-01-02T08:29:18","guid":{"rendered":"https:\/\/demo.themegrill.com\/flash-default-2\/?page_id=7"},"modified":"2023-09-26T13:22:27","modified_gmt":"2023-09-26T10:22:27","slug":"layouts","status":"publish","type":"page","link":"https:\/\/tarimteknolojileri.selcuk.edu.tr\/index.php\/layouts\/","title":{"rendered":"Hakk\u0131nda"},"content":{"rendered":"<p style=\"text-align: center;\"><strong>TARIMDA D\u0130J\u0130TAL D\u00d6N\u00dc\u015e\u00dcM \u2013D\u0130J\u0130TAL HAYVANCILIK \u00c7ALI\u015eTAYI<\/strong><\/p>\n<p style=\"text-align: center;\">D\u00fcnyada y\u0131llard\u0131r tart\u0131\u015f\u0131lan \u00e7evre kirlili\u011fi, kaynak yetersizli\u011fi, do\u011fan\u0131n kendini yenileme g\u00fcc\u00fc gibi ba\u015fl\u0131klar pandemi ile beraber \u00e7ok daha belirgin bir g\u00fcndem haline gelmi\u015f ve do\u011fal ve organik g\u0131da aray\u0131\u015f\u0131n\u0131n \u00e7o\u011falmas\u0131, insanlar\u0131n end\u00fcstriyel \u00fcr\u00fcnlere kar\u015f\u0131 bak\u0131\u015f\u0131n\u0131n de\u011fi\u015fmesine zemin haz\u0131rlam\u0131\u015ft\u0131r. Pandeminin etkisiyle h\u0131z kazanan tar\u0131mda inovasyon beklentisi, yenilik\u00e7i teknolojilerin geli\u015fmesini olumlu y\u00f6nde etkilemektedir. Geli\u015fen yenilik\u00e7i teknolojiler bitkisel \u00fcretimle birlikte hayvansal \u00fcretimde de ivme kazanm\u0131\u015ft\u0131r.<\/p>\n<p style=\"text-align: center;\">Yapaca\u011f\u0131m\u0131z \u00e7al\u0131\u015ftayla hayvanc\u0131l\u0131k alan\u0131nda yeni geli\u015fmeler (dijitalle\u015fme), hayvanc\u0131l\u0131k alan\u0131nda verimlili\u011fin art\u0131r\u0131lmas\u0131, kullan\u0131lacak makine ve teknoloji kullan\u0131m\u0131yla \u00fcretilen hayvansal \u00fcr\u00fcnlerde kalite art\u0131\u015f\u0131 gibi konularda inovatif tar\u0131m \u00e7al\u0131\u015fmalar\u0131n\u0131n T\u00fcrkiye Y\u00fczy\u0131l\u0131 kapsam\u0131nda hayata ge\u00e7irilmesine zemin olu\u015fturulmas\u0131 ama\u00e7lanmaktad\u0131r.<\/p>\n<p><img loading=\"lazy\" decoding=\"async\" class=\"size-full wp-image-897 aligncenter\" src=\"https:\/\/tarimteknolojileri.selcuk.edu.tr\/wp-content\/uploads\/2023\/09\/Calistay-Davetiyesi-Kucuk.png\" alt=\"\" width=\"882\" height=\"630\" \/><\/p>\n","protected":false},"excerpt":{"rendered":"<p>TARIMDA D\u0130J\u0130TAL D\u00d6N\u00dc\u015e\u00dcM \u2013D\u0130J\u0130TAL HAYVANCILIK \u00c7ALI\u015eTAYI D\u00fcnyada y\u0131llard\u0131r tart\u0131\u015f\u0131lan \u00e7evre kirlili\u011fi, kaynak yetersizli\u011fi, do\u011fan\u0131n kendini yenileme g\u00fcc\u00fc gibi ba\u015fl\u0131klar pandemi [&hellip;]<\/p>\n","protected":false},"author":2,"featured_media":0,"parent":0,"menu_order":0,"comment_status":"closed","ping_status":"closed","template":"","meta":{"footnotes":""},"class_list":["post-644","page","type-page","status-publish","hentry"],"_links":{"self":[{"href":"https:\/\/tarimteknolojileri.selcuk.edu.tr\/index.php\/wp-json\/wp\/v2\/pages\/644","targetHints":{"allow":["GET"]}}],"collection":[{"href":"https:\/\/tarimteknolojileri.selcuk.edu.tr\/index.php\/wp-json\/wp\/v2\/pages"}],"about":[{"href":"https:\/\/tarimteknolojileri.selcuk.edu.tr\/index.php\/wp-json\/wp\/v2\/types\/page"}],"author":[{"embeddable":true,"href":"https:\/\/tarimteknolojileri.selcuk.edu.tr\/index.php\/wp-json\/wp\/v2\/users\/2"}],"replies":[{"embeddable":true,"href":"https:\/\/tarimteknolojileri.selcuk.edu.tr\/index.php\/wp-json\/wp\/v2\/comments?post=644"}],"version-history":[{"count":5,"href":"https:\/\/tarimteknolojileri.selcuk.edu.tr\/index.php\/wp-json\/wp\/v2\/pages\/644\/revisions"}],"predecessor-version":[{"id":898,"href":"https:\/\/tarimteknolojileri.selcuk.edu.tr\/index.php\/wp-json\/wp\/v2\/pages\/644\/revisions\/898"}],"wp:attachment":[{"href":"https:\/\/tarimteknolojileri.selcuk.edu.tr\/index.php\/wp-json\/wp\/v2\/media?parent=644"}],"curies":[{"name":"wp","href":"https:\/\/api.w.org\/{rel}","templated":true}]}}