{"id":735,"date":"2017-01-02T08:30:05","date_gmt":"2017-01-02T08:30:05","guid":{"rendered":"https:\/\/demo.themegrill.com\/flash-default-2\/?page_id=11"},"modified":"2023-09-18T10:58:35","modified_gmt":"2023-09-18T07:58:35","slug":"typography","status":"publish","type":"page","link":"https:\/\/tarimteknolojileri.selcuk.edu.tr\/index.php\/typography\/","title":{"rendered":"Konaklama Yerleri"},"content":{"rendered":"<ul>\n<li><strong><a href=\"https:\/\/www.selcuk.edu.tr\/Birim\/daire-baskanliklari\/saglik_kultur\/1956\/selcuk-universitesi-konukevi\/42938\">Sel\u00e7uk \u00dcniversitesi Konukevi<\/a><\/strong><\/li>\n<li><strong><a href=\"https:\/\/konyaogretmenevi.com.tr\/\">Konya \u00d6\u011fretmenevi<\/a><\/strong><\/li>\n<li>\n<p class=\"LC20lb MBeuO DKV0Md\"><a href=\"https:\/\/bolge04.dsi.gov.tr\/Sayfa\/Detay\/925\"><strong>DS\u0130 4. B\u00f6lge M\u00fcd\u00fcrl\u00fc\u011f\u00fc Misafirhanesi<\/strong><\/a><\/p>\n<\/li>\n<\/ul>\n<p><!--more--><\/p>\n<p>&nbsp;<\/p>\n","protected":false},"excerpt":{"rendered":"<p>Sel\u00e7uk \u00dcniversitesi Konukevi Konya \u00d6\u011fretmenevi DS\u0130 4. B\u00f6lge M\u00fcd\u00fcrl\u00fc\u011f\u00fc Misafirhanesi<\/p>\n","protected":false},"author":2,"featured_media":0,"parent":0,"menu_order":0,"comment_status":"closed","ping_status":"closed","template":"","meta":{"footnotes":""},"class_list":["post-735","page","type-page","status-publish","hentry"],"_links":{"self":[{"href":"https:\/\/tarimteknolojileri.selcuk.edu.tr\/index.php\/wp-json\/wp\/v2\/pages\/735","targetHints":{"allow":["GET"]}}],"collection":[{"href":"https:\/\/tarimteknolojileri.selcuk.edu.tr\/index.php\/wp-json\/wp\/v2\/pages"}],"about":[{"href":"https:\/\/tarimteknolojileri.selcuk.edu.tr\/index.php\/wp-json\/wp\/v2\/types\/page"}],"author":[{"embeddable":true,"href":"https:\/\/tarimteknolojileri.selcuk.edu.tr\/index.php\/wp-json\/wp\/v2\/users\/2"}],"replies":[{"embeddable":true,"href":"https:\/\/tarimteknolojileri.selcuk.edu.tr\/index.php\/wp-json\/wp\/v2\/comments?post=735"}],"version-history":[{"count":5,"href":"https:\/\/tarimteknolojileri.selcuk.edu.tr\/index.php\/wp-json\/wp\/v2\/pages\/735\/revisions"}],"predecessor-version":[{"id":816,"href":"https:\/\/tarimteknolojileri.selcuk.edu.tr\/index.php\/wp-json\/wp\/v2\/pages\/735\/revisions\/816"}],"wp:attachment":[{"href":"https:\/\/tarimteknolojileri.selcuk.edu.tr\/index.php\/wp-json\/wp\/v2\/media?parent=735"}],"curies":[{"name":"wp","href":"https:\/\/api.w.org\/{rel}","templated":true}]}}