{"id":760,"date":"2023-07-13T15:53:15","date_gmt":"2023-07-13T12:53:15","guid":{"rendered":"https:\/\/tarimteknolojileri.selcuk.edu.tr\/?page_id=760"},"modified":"2023-09-24T23:36:21","modified_gmt":"2023-09-24T20:36:21","slug":"iletisim","status":"publish","type":"page","link":"https:\/\/tarimteknolojileri.selcuk.edu.tr\/index.php\/iletisim\/","title":{"rendered":"\u0130leti\u015fim"},"content":{"rendered":"<p><strong>\u00c7al\u0131\u015ftay Hakk\u0131nda Bilgi:<\/strong> <span style=\"color: #0000ff;\">hasan.kirilmaz@selcuk.edu.tr<\/span><\/p>\n","protected":false},"excerpt":{"rendered":"<p>\u00c7al\u0131\u015ftay Hakk\u0131nda Bilgi: hasan.kirilmaz@selcuk.edu.tr<\/p>\n","protected":false},"author":2,"featured_media":0,"parent":0,"menu_order":0,"comment_status":"closed","ping_status":"closed","template":"","meta":{"footnotes":""},"class_list":["post-760","page","type-page","status-publish","hentry"],"_links":{"self":[{"href":"https:\/\/tarimteknolojileri.selcuk.edu.tr\/index.php\/wp-json\/wp\/v2\/pages\/760","targetHints":{"allow":["GET"]}}],"collection":[{"href":"https:\/\/tarimteknolojileri.selcuk.edu.tr\/index.php\/wp-json\/wp\/v2\/pages"}],"about":[{"href":"https:\/\/tarimteknolojileri.selcuk.edu.tr\/index.php\/wp-json\/wp\/v2\/types\/page"}],"author":[{"embeddable":true,"href":"https:\/\/tarimteknolojileri.selcuk.edu.tr\/index.php\/wp-json\/wp\/v2\/users\/2"}],"replies":[{"embeddable":true,"href":"https:\/\/tarimteknolojileri.selcuk.edu.tr\/index.php\/wp-json\/wp\/v2\/comments?post=760"}],"version-history":[{"count":4,"href":"https:\/\/tarimteknolojileri.selcuk.edu.tr\/index.php\/wp-json\/wp\/v2\/pages\/760\/revisions"}],"predecessor-version":[{"id":887,"href":"https:\/\/tarimteknolojileri.selcuk.edu.tr\/index.php\/wp-json\/wp\/v2\/pages\/760\/revisions\/887"}],"wp:attachment":[{"href":"https:\/\/tarimteknolojileri.selcuk.edu.tr\/index.php\/wp-json\/wp\/v2\/media?parent=760"}],"curies":[{"name":"wp","href":"https:\/\/api.w.org\/{rel}","templated":true}]}}