{"id":854,"date":"2023-09-24T22:47:52","date_gmt":"2023-09-24T19:47:52","guid":{"rendered":"https:\/\/tarimteknolojileri.selcuk.edu.tr\/?page_id=854"},"modified":"2023-09-24T23:34:53","modified_gmt":"2023-09-24T20:34:53","slug":"kurullar","status":"publish","type":"page","link":"https:\/\/tarimteknolojileri.selcuk.edu.tr\/index.php\/kurullar\/","title":{"rendered":"Kurullar"},"content":{"rendered":"<h4 style=\"text-align: center;\"><span style=\"color: #000000;\"><strong>Onursal Ba\u015fkanlar: <\/strong><\/span><\/h4>\n<h4 style=\"text-align: center;\"><span style=\"color: #000000;\"><span style=\"color: #ffcc00;\"> <a style=\"color: #ffcc00;\" href=\"https:\/\/www.selcuk.edu.tr\/rektorluk\/rektor\/9\">Prof. Dr. Metin AKSOY<\/a> <\/span>(Rekt\u00f6r) <\/span><\/h4>\n<h4 style=\"text-align: center;\"><span style=\"color: #000000;\"><span style=\"color: #ffcc00;\"><a style=\"color: #ffcc00;\" href=\"https:\/\/www.selcuk.edu.tr\/Person\/Detail\/sgezgin\">Prof. Dr. Sait GEZG\u0130N<\/a> <\/span>(Dekan)<\/span><\/h4>\n<hr \/>\n<h4 style=\"text-align: center;\"><span style=\"color: #000000;\"> <strong>\u00c7al\u0131\u015ftay Ba\u015fkan\u0131:<\/strong><\/span><\/h4>\n<h4 style=\"text-align: center;\"><span style=\"color: #ffcc00;\"> <a style=\"color: #ffcc00;\" href=\"https:\/\/www.selcuk.edu.tr\/Person\/Detail\/marakoglu\">Prof. Dr. Tamer MARAKO\u011eLU <\/a><\/span>(B\u00f6l\u00fcm Ba\u015fkan\u0131)<\/h4>\n<hr \/>\n<h4 style=\"text-align: center;\"><span style=\"color: #000000;\"> <strong>D\u00fczenleme Kurulu:<\/strong> <\/span><\/h4>\n<h4 style=\"text-align: center;\"><span style=\"color: #ffcc00;\"><a style=\"color: #ffcc00;\" href=\"https:\/\/www.selcuk.edu.tr\/Person\/Detail\/hogut\">Prof. Dr. H\u00fcseyin \u00d6\u011e\u00dcT<\/a> <\/span><\/h4>\n<h4 style=\"text-align: center;\"><span style=\"color: #ffcc00;\"><a style=\"color: #ffcc00;\" href=\"https:\/\/www.selcuk.edu.tr\/Person\/Detail\/kcarman\">Prof. Dr. Kaz\u0131m \u00c7ARMAN<\/a> <\/span><\/h4>\n<h4 style=\"text-align: center;\"><span style=\"color: #ffcc00;\"><a style=\"color: #ffcc00;\" href=\"https:\/\/www.selcuk.edu.tr\/Person\/Detail\/hhsefer\">Prof. Dr. Haydar HACISEFERO\u011eULLARI<\/a><\/span><\/h4>\n<h4 style=\"text-align: center;\"><span style=\"color: #ffcc00;\"> <a style=\"color: #ffcc00;\" href=\"https:\/\/www.selcuk.edu.tr\/Person\/Detail\/hmengec\">Prof. Dr. Hakan Okyay MENGE\u015e<\/a><\/span><\/h4>\n<h4 style=\"text-align: center;\"><span style=\"color: #ffcc00;\"> <a style=\"color: #ffcc00;\" href=\"https:\/\/www.selcuk.edu.tr\/Person\/Detail\/marakoglu\">Prof. Dr. Tamer MARAKO\u011eLU<\/a> <\/span><\/h4>\n<h4 style=\"text-align: center;\"><span style=\"color: #ffcc00;\"><a style=\"color: #ffcc00;\" href=\"https:\/\/www.selcuk.edu.tr\/Person\/Detail\/seflek\">Do\u00e7. Dr. Ali Yavuz \u015eEFLEK<\/a> <\/span><\/h4>\n<h4 style=\"text-align: center;\"><span style=\"color: #ffcc00;\"><a style=\"color: #ffcc00;\" href=\"https:\/\/www.selcuk.edu.tr\/Person\/Detail\/ozbek\">Do\u00e7. Dr. Osman \u00d6ZBEK<\/a> <\/span><\/h4>\n<h4 style=\"text-align: center;\"><span style=\"color: #ffcc00;\"><a style=\"color: #ffcc00;\" href=\"https:\/\/www.selcuk.edu.tr\/Person\/Detail\/sonmete\">Dr. \u00d6\u011fr. \u00dcyesi Mehmet Hakan SONMETE<\/a> <\/span><\/h4>\n<h4 style=\"text-align: center;\"><span style=\"color: #ffcc00;\"><a style=\"color: #ffcc00;\" href=\"https:\/\/www.selcuk.edu.tr\/Person\/Detail\/nuriorhan\">Dr. \u00d6\u011fr. \u00dcyesi Nuri ORHAN<\/a> <\/span><\/h4>\n<h4 style=\"text-align: center;\"><span style=\"color: #ffcc00;\"><a style=\"color: #ffcc00;\" href=\"https:\/\/www.selcuk.edu.tr\/Person\/Detail\/nkayahan\">Dr. \u00d6\u011fr. \u00dcyesi Nurettin KAYAHAN<\/a> <\/span><\/h4>\n<h4 style=\"text-align: center;\"><span style=\"color: #ffcc00;\"><a style=\"color: #ffcc00;\" href=\"https:\/\/www.selcuk.edu.tr\/Person\/Detail\/sedabacak\">Dr. \u00d6\u011fr. \u00dcyesi Seda \u015eAH\u0130N<\/a> <\/span><\/h4>\n<h4 style=\"text-align: center;\"><span style=\"color: #ffcc00;\"><a style=\"color: #ffcc00;\" href=\"https:\/\/www.selcuk.edu.tr\/Person\/Detail\/ecitil\">\u00d6\u011fr. G\u00f6r. Dr. Erg\u00fcn \u00c7ITIL<\/a> <\/span><\/h4>\n<h4 style=\"text-align: center;\"><span style=\"color: #ffcc00;\"><a style=\"color: #ffcc00;\" href=\"https:\/\/www.selcuk.edu.tr\/Person\/Detail\/kezibanyalcin\">Ar\u015f. G\u00f6r. Dr. Keziban YAL\u00c7IN DOKUMACI<\/a> <\/span><\/h4>\n<h4 style=\"text-align: center;\"><span style=\"color: #ffcc00;\"><a style=\"color: #ffcc00;\" href=\"https:\/\/www.selcuk.edu.tr\/Person\/Detail\/hasan.kirilmaz\">\u00d6\u011fr. G\u00f6r. Hasan KIRILMAZ<\/a><\/span><\/h4>\n<h4 style=\"text-align: center;\"><span style=\"color: #ffcc00;\"> <a style=\"color: #ffcc00;\" href=\"https:\/\/www.selcuk.edu.tr\/Person\/Detail\/yusuf.ciftci\">Ar\u015f. G\u00f6r. Yusuf \u00c7\u0130FTC\u0130<\/a> <\/span><\/h4>\n<hr \/>\n<h4 style=\"text-align: center;\">Teknik Destek ve Bilgi Almak i\u00e7in:<\/h4>\n<h4 style=\"text-align: center;\"><span style=\"color: #ffcc00;\"><a style=\"color: #ffcc00;\" href=\"https:\/\/www.selcuk.edu.tr\/Person\/Detail\/hasan.kirilmaz\">\u00d6\u011fr. G\u00f6r. Hasan KIRILMAZ<\/a><\/span><\/h4>\n","protected":false},"excerpt":{"rendered":"<p>Onursal Ba\u015fkanlar: Prof. Dr. Metin AKSOY (Rekt\u00f6r) Prof. Dr. Sait GEZG\u0130N (Dekan) \u00c7al\u0131\u015ftay Ba\u015fkan\u0131: Prof. Dr. Tamer MARAKO\u011eLU (B\u00f6l\u00fcm Ba\u015fkan\u0131) [&hellip;]<\/p>\n","protected":false},"author":2,"featured_media":0,"parent":0,"menu_order":0,"comment_status":"closed","ping_status":"closed","template":"","meta":{"footnotes":""},"class_list":["post-854","page","type-page","status-publish","hentry"],"_links":{"self":[{"href":"https:\/\/tarimteknolojileri.selcuk.edu.tr\/index.php\/wp-json\/wp\/v2\/pages\/854","targetHints":{"allow":["GET"]}}],"collection":[{"href":"https:\/\/tarimteknolojileri.selcuk.edu.tr\/index.php\/wp-json\/wp\/v2\/pages"}],"about":[{"href":"https:\/\/tarimteknolojileri.selcuk.edu.tr\/index.php\/wp-json\/wp\/v2\/types\/page"}],"author":[{"embeddable":true,"href":"https:\/\/tarimteknolojileri.selcuk.edu.tr\/index.php\/wp-json\/wp\/v2\/users\/2"}],"replies":[{"embeddable":true,"href":"https:\/\/tarimteknolojileri.selcuk.edu.tr\/index.php\/wp-json\/wp\/v2\/comments?post=854"}],"version-history":[{"count":27,"href":"https:\/\/tarimteknolojileri.selcuk.edu.tr\/index.php\/wp-json\/wp\/v2\/pages\/854\/revisions"}],"predecessor-version":[{"id":886,"href":"https:\/\/tarimteknolojileri.selcuk.edu.tr\/index.php\/wp-json\/wp\/v2\/pages\/854\/revisions\/886"}],"wp:attachment":[{"href":"https:\/\/tarimteknolojileri.selcuk.edu.tr\/index.php\/wp-json\/wp\/v2\/media?parent=854"}],"curies":[{"name":"wp","href":"https:\/\/api.w.org\/{rel}","templated":true}]}}