{"id":890,"date":"2023-09-26T12:57:20","date_gmt":"2023-09-26T09:57:20","guid":{"rendered":"https:\/\/tarimteknolojileri.selcuk.edu.tr\/?page_id=890"},"modified":"2023-09-26T13:36:56","modified_gmt":"2023-09-26T10:36:56","slug":"katilim-bilgisi","status":"publish","type":"page","link":"https:\/\/tarimteknolojileri.selcuk.edu.tr\/index.php\/katilim-bilgisi\/","title":{"rendered":"Kat\u0131l\u0131m Talep Formu"},"content":{"rendered":"<h2>Kat\u0131l\u0131mc\u0131lar\u0131n i\u00e7in ; <a href=\"https:\/\/forms.gle\/nZBYxvT8mF6wbLa3A\">Kat\u0131l\u0131m Formu<\/a><\/h2>\n","protected":false},"excerpt":{"rendered":"<p>Kat\u0131l\u0131mc\u0131lar\u0131n i\u00e7in ; Kat\u0131l\u0131m Formu<\/p>\n","protected":false},"author":2,"featured_media":0,"parent":0,"menu_order":0,"comment_status":"closed","ping_status":"closed","template":"","meta":{"footnotes":""},"class_list":["post-890","page","type-page","status-publish","hentry"],"_links":{"self":[{"href":"https:\/\/tarimteknolojileri.selcuk.edu.tr\/index.php\/wp-json\/wp\/v2\/pages\/890","targetHints":{"allow":["GET"]}}],"collection":[{"href":"https:\/\/tarimteknolojileri.selcuk.edu.tr\/index.php\/wp-json\/wp\/v2\/pages"}],"about":[{"href":"https:\/\/tarimteknolojileri.selcuk.edu.tr\/index.php\/wp-json\/wp\/v2\/types\/page"}],"author":[{"embeddable":true,"href":"https:\/\/tarimteknolojileri.selcuk.edu.tr\/index.php\/wp-json\/wp\/v2\/users\/2"}],"replies":[{"embeddable":true,"href":"https:\/\/tarimteknolojileri.selcuk.edu.tr\/index.php\/wp-json\/wp\/v2\/comments?post=890"}],"version-history":[{"count":6,"href":"https:\/\/tarimteknolojileri.selcuk.edu.tr\/index.php\/wp-json\/wp\/v2\/pages\/890\/revisions"}],"predecessor-version":[{"id":901,"href":"https:\/\/tarimteknolojileri.selcuk.edu.tr\/index.php\/wp-json\/wp\/v2\/pages\/890\/revisions\/901"}],"wp:attachment":[{"href":"https:\/\/tarimteknolojileri.selcuk.edu.tr\/index.php\/wp-json\/wp\/v2\/media?parent=890"}],"curies":[{"name":"wp","href":"https:\/\/api.w.org\/{rel}","templated":true}]}}