{"id":920,"date":"2023-10-03T10:41:24","date_gmt":"2023-10-03T07:41:24","guid":{"rendered":"https:\/\/tarimteknolojileri.selcuk.edu.tr\/?page_id=920"},"modified":"2023-10-15T13:46:11","modified_gmt":"2023-10-15T10:46:11","slug":"onemli-tarihler-2","status":"publish","type":"page","link":"https:\/\/tarimteknolojileri.selcuk.edu.tr\/index.php\/onemli-tarihler-2\/","title":{"rendered":"\u00d6nemli Tarihler"},"content":{"rendered":"<p>S\u00f6zl\u00fc Bildiri Son Kabul Tarihi: 27.10.2023<\/p>\n<p>Kat\u0131l\u0131mc\u0131 Kabul Tarihi: 30.10.2023<\/p>\n","protected":false},"excerpt":{"rendered":"<p>S\u00f6zl\u00fc Bildiri Son Kabul Tarihi: 27.10.2023 Kat\u0131l\u0131mc\u0131 Kabul Tarihi: 30.10.2023<\/p>\n","protected":false},"author":2,"featured_media":0,"parent":0,"menu_order":0,"comment_status":"closed","ping_status":"closed","template":"","meta":{"footnotes":""},"class_list":["post-920","page","type-page","status-publish","hentry"],"_links":{"self":[{"href":"https:\/\/tarimteknolojileri.selcuk.edu.tr\/index.php\/wp-json\/wp\/v2\/pages\/920","targetHints":{"allow":["GET"]}}],"collection":[{"href":"https:\/\/tarimteknolojileri.selcuk.edu.tr\/index.php\/wp-json\/wp\/v2\/pages"}],"about":[{"href":"https:\/\/tarimteknolojileri.selcuk.edu.tr\/index.php\/wp-json\/wp\/v2\/types\/page"}],"author":[{"embeddable":true,"href":"https:\/\/tarimteknolojileri.selcuk.edu.tr\/index.php\/wp-json\/wp\/v2\/users\/2"}],"replies":[{"embeddable":true,"href":"https:\/\/tarimteknolojileri.selcuk.edu.tr\/index.php\/wp-json\/wp\/v2\/comments?post=920"}],"version-history":[{"count":3,"href":"https:\/\/tarimteknolojileri.selcuk.edu.tr\/index.php\/wp-json\/wp\/v2\/pages\/920\/revisions"}],"predecessor-version":[{"id":959,"href":"https:\/\/tarimteknolojileri.selcuk.edu.tr\/index.php\/wp-json\/wp\/v2\/pages\/920\/revisions\/959"}],"wp:attachment":[{"href":"https:\/\/tarimteknolojileri.selcuk.edu.tr\/index.php\/wp-json\/wp\/v2\/media?parent=920"}],"curies":[{"name":"wp","href":"https:\/\/api.w.org\/{rel}","templated":true}]}}